{"id":2585,"date":"2024-06-05T08:51:44","date_gmt":"2024-06-05T08:51:44","guid":{"rendered":"https:\/\/www.bandidastore.com\/origen\/"},"modified":"2025-09-03T14:14:49","modified_gmt":"2025-09-03T14:14:49","slug":"origen","status":"publish","type":"page","link":"https:\/\/bandidastore.com\/es\/origen\/","title":{"rendered":"Origen"},"content":{"rendered":"\t\t<div data-elementor-type=\"wp-page\" data-elementor-id=\"2585\" class=\"elementor elementor-2585 elementor-37\" data-elementor-post-type=\"page\">\n\t\t\t\t<div class=\"elementor-element elementor-element-617e367 e-con-full e-flex e-con e-parent\" data-id=\"617e367\" data-element_type=\"container\" data-e-type=\"container\" data-settings=\"{&quot;background_background&quot;:&quot;classic&quot;}\">\n\t\t\t\t<div class=\"elementor-element elementor-element-f0509e4 elementor-widget elementor-widget-heading\" data-id=\"f0509e4\" data-element_type=\"widget\" data-e-type=\"widget\" data-widget_type=\"heading.default\">\n\t\t\t\t<div class=\"elementor-widget-container\">\n\t\t\t\t\t<h1 class=\"elementor-heading-title elementor-size-default\">Origen<\/h1>\t\t\t\t<\/div>\n\t\t\t\t<\/div>\n\t\t\t\t<\/div>\n\t\t<div class=\"elementor-element elementor-element-8872c24 e-con-full e-flex e-con e-parent\" data-id=\"8872c24\" data-element_type=\"container\" data-e-type=\"container\">\n\t\t<div class=\"elementor-element elementor-element-619a575 e-con-full e-flex e-con e-child\" data-id=\"619a575\" data-element_type=\"container\" data-e-type=\"container\">\n\t\t\t\t<div class=\"elementor-element elementor-element-c97e1a4 elementor-widget elementor-widget-heading\" data-id=\"c97e1a4\" data-element_type=\"widget\" data-e-type=\"widget\" data-widget_type=\"heading.default\">\n\t\t\t\t<div class=\"elementor-widget-container\">\n\t\t\t\t\t<h2 class=\"elementor-heading-title elementor-size-default\">Sobre Per\u00fa<\/h2>\t\t\t\t<\/div>\n\t\t\t\t<\/div>\n\t\t\t\t<div class=\"elementor-element elementor-element-24dc3d1 elementor-widget elementor-widget-text-editor\" data-id=\"24dc3d1\" data-element_type=\"widget\" data-e-type=\"widget\" data-widget_type=\"text-editor.default\">\n\t\t\t\t<div class=\"elementor-widget-container\">\n\t\t\t\t\t\t\t\t\t<p>Per\u00fa, enclavado en la costa occidental de Sudam\u00e9rica, es una tierra rica en historia, cultura y belleza natural. Como coraz\u00f3n del antiguo Imperio Inca, alberga Machu Picchu, Patrimonio Mundial de la UNESCO y una de las Siete Nuevas Maravillas. El tejido cultural del pa\u00eds mezcla influencias ind\u00edgenas, espa\u00f1olas y africanas, expresadas vibrantemente en su arte, m\u00fasica y festivales.  <\/p><p> <\/p><p>Con ecosistemas que se extienden desde los Andes hasta el Amazonas, Per\u00fa es uno de los pa\u00edses con mayor biodiversidad del mundo, esencial para los esfuerzos mundiales de conservaci\u00f3n. Esta diversidad se extiende a su cocina, famosa por platos como el ceviche y el lomo saltado, que reflejan el rico patrimonio agr\u00edcola de Per\u00fa. <\/p><p> <\/p><p>Econ\u00f3micamente, Per\u00fa depende de la agricultura, la miner\u00eda y el turismo, sobre todo a sus lugares hist\u00f3ricos y naturales. Aunque la naci\u00f3n se enfrenta a retos como la pobreza y la desigualdad, los esfuerzos por mejorar la educaci\u00f3n, la atenci\u00f3n sanitaria y las oportunidades pretenden fomentar un futuro m\u00e1s integrador.   <\/p>\t\t\t\t\t\t\t\t<\/div>\n\t\t\t\t<\/div>\n\t\t\t\t<\/div>\n\t\t<div class=\"elementor-element elementor-element-2a87298 e-con-full e-flex e-con e-child\" data-id=\"2a87298\" data-element_type=\"container\" data-e-type=\"container\">\n\t\t\t\t<div class=\"elementor-element elementor-element-4be1c68 elementor-widget elementor-widget-image\" data-id=\"4be1c68\" data-element_type=\"widget\" data-e-type=\"widget\" data-widget_type=\"image.default\">\n\t\t\t\t<div class=\"elementor-widget-container\">\n\t\t\t\t\t\t\t\t\t\t\t\t\t\t\t<img decoding=\"async\" src=\"https:\/\/bandidastore.com\/wp-content\/uploads\/elementor\/thumbs\/0972-min-scaled-rlpwiet4kakrsm7ojg0ku188zgmna3kex3i9cs3y20.jpg\" title=\"0972-min\" alt=\"0972-min\" loading=\"lazy\" \/>\t\t\t\t\t\t\t\t\t\t\t\t\t\t\t<\/div>\n\t\t\t\t<\/div>\n\t\t\t\t<\/div>\n\t\t\t\t<\/div>\n\t\t<div class=\"elementor-element elementor-element-3932385 e-con-full elementor-hidden-desktop elementor-hidden-tablet elementor-hidden-mobile e-flex e-con e-parent\" data-id=\"3932385\" data-element_type=\"container\" data-e-type=\"container\">\n\t\t<div class=\"elementor-element elementor-element-a797666 e-con-full elementor-hidden-mobile e-flex e-con e-child\" data-id=\"a797666\" data-element_type=\"container\" data-e-type=\"container\" data-settings=\"{&quot;background_background&quot;:&quot;classic&quot;}\">\n\t\t\t\t<\/div>\n\t\t<div class=\"elementor-element elementor-element-88398e2 e-con-full e-flex e-con e-child\" data-id=\"88398e2\" data-element_type=\"container\" data-e-type=\"container\" data-settings=\"{&quot;background_background&quot;:&quot;classic&quot;}\">\n\t\t\t\t<div class=\"elementor-element elementor-element-343a4e3 elementor-widget elementor-widget-heading\" data-id=\"343a4e3\" data-element_type=\"widget\" data-e-type=\"widget\" data-widget_type=\"heading.default\">\n\t\t\t\t<div class=\"elementor-widget-container\">\n\t\t\t\t\t<h1 class=\"elementor-heading-title elementor-size-default\">Elecci\u00f3n de materiales<\/h1>\t\t\t\t<\/div>\n\t\t\t\t<\/div>\n\t\t\t\t<div class=\"elementor-element elementor-element-f9fbbc8 elementor-widget elementor-widget-text-editor\" data-id=\"f9fbbc8\" data-element_type=\"widget\" data-e-type=\"widget\" data-widget_type=\"text-editor.default\">\n\t\t\t\t<div class=\"elementor-widget-container\">\n\t\t\t\t\t\t\t\t\t<p>Lorem ipsum dolor sit amet, consectetur adipiscing elit. Ut elit tellus, luctus nec ullamcorper mattis, pulvinar dapibus leo.<\/p>\t\t\t\t\t\t\t\t<\/div>\n\t\t\t\t<\/div>\n\t\t\t\t<div class=\"elementor-element elementor-element-f18fa87 elementor-widget elementor-widget-button\" data-id=\"f18fa87\" data-element_type=\"widget\" data-e-type=\"widget\" data-widget_type=\"button.default\">\n\t\t\t\t<div class=\"elementor-widget-container\">\n\t\t\t\t\t\t\t\t\t<div class=\"elementor-button-wrapper\">\n\t\t\t\t\t<a class=\"elementor-button elementor-button-link elementor-size-sm\" href=\"#\">\n\t\t\t\t\t\t<span class=\"elementor-button-content-wrapper\">\n\t\t\t\t\t\t\t\t\t<span class=\"elementor-button-text\">Comprar ahora<\/span>\n\t\t\t\t\t<\/span>\n\t\t\t\t\t<\/a>\n\t\t\t\t<\/div>\n\t\t\t\t\t\t\t\t<\/div>\n\t\t\t\t<\/div>\n\t\t\t\t<\/div>\n\t\t\t\t<\/div>\n\t\t\t\t<\/div>\n\t\t","protected":false},"excerpt":{"rendered":"<p>Origen Sobre Per\u00fa Per\u00fa, enclavado en la costa occidental de Sudam\u00e9rica, es una tierra rica en historia, cultura y belleza natural. Como coraz\u00f3n del antiguo Imperio Inca, alberga Machu Picchu, Patrimonio Mundial de la UNESCO y una de las Siete Nuevas Maravillas. El tejido cultural del pa\u00eds mezcla influencias ind\u00edgenas, espa\u00f1olas y africanas, expresadas vibrantemente [&hellip;]<\/p>\n","protected":false},"author":1,"featured_media":0,"parent":0,"menu_order":0,"comment_status":"closed","ping_status":"closed","template":"","meta":{"_acf_changed":false,"footnotes":""},"class_list":["post-2585","page","type-page","status-publish","hentry"],"acf":[],"_links":{"self":[{"href":"https:\/\/bandidastore.com\/es\/wp-json\/wp\/v2\/pages\/2585","targetHints":{"allow":["GET"]}}],"collection":[{"href":"https:\/\/bandidastore.com\/es\/wp-json\/wp\/v2\/pages"}],"about":[{"href":"https:\/\/bandidastore.com\/es\/wp-json\/wp\/v2\/types\/page"}],"author":[{"embeddable":true,"href":"https:\/\/bandidastore.com\/es\/wp-json\/wp\/v2\/users\/1"}],"replies":[{"embeddable":true,"href":"https:\/\/bandidastore.com\/es\/wp-json\/wp\/v2\/comments?post=2585"}],"version-history":[{"count":1,"href":"https:\/\/bandidastore.com\/es\/wp-json\/wp\/v2\/pages\/2585\/revisions"}],"predecessor-version":[{"id":2587,"href":"https:\/\/bandidastore.com\/es\/wp-json\/wp\/v2\/pages\/2585\/revisions\/2587"}],"wp:attachment":[{"href":"https:\/\/bandidastore.com\/es\/wp-json\/wp\/v2\/media?parent=2585"}],"curies":[{"name":"wp","href":"https:\/\/api.w.org\/{rel}","templated":true}]}}