{"id":2574,"date":"2024-06-05T08:52:21","date_gmt":"2024-06-05T08:52:21","guid":{"rendered":"https:\/\/www.bandidastore.com\/compras-y-envios\/"},"modified":"2025-09-03T14:14:48","modified_gmt":"2025-09-03T14:14:48","slug":"compras-y-envios","status":"publish","type":"page","link":"https:\/\/bandidastore.com\/es\/compras-y-envios\/","title":{"rendered":"Compras y env\u00edos"},"content":{"rendered":"\t\t<div data-elementor-type=\"wp-page\" data-elementor-id=\"2574\" class=\"elementor elementor-2574 elementor-43\" data-elementor-post-type=\"page\">\n\t\t\t\t<div class=\"elementor-element elementor-element-cb0bf71 e-con-full e-flex e-con e-parent\" data-id=\"cb0bf71\" data-element_type=\"container\" data-e-type=\"container\" data-settings=\"{&quot;background_background&quot;:&quot;classic&quot;}\">\n\t\t\t\t<\/div>\n\t\t<div class=\"elementor-element elementor-element-5a433376 e-con-full e-flex e-con e-parent\" data-id=\"5a433376\" data-element_type=\"container\" data-e-type=\"container\" data-settings=\"{&quot;background_background&quot;:&quot;classic&quot;}\">\n\t\t\t\t<div class=\"elementor-element elementor-element-dc3f30c elementor-widget elementor-widget-text-editor\" data-id=\"dc3f30c\" data-element_type=\"widget\" data-e-type=\"widget\" data-widget_type=\"text-editor.default\">\n\t\t\t\t<div class=\"elementor-widget-container\">\n\t\t\t\t\t\t\t\t\t<p><b>1. M\u00e9todos de verificaci\u00f3n<\/b><\/p><p><span style=\"font-weight: 400;\">Disponemos de varios m\u00e9todos de verificaci\u00f3n, en funci\u00f3n del tama\u00f1o y la potencia del cilindro. Las opciones disponibles se indican durante el proceso de verificaci\u00f3n. <\/span><\/p><p> <\/p><p><b>2. Verzendkosten<\/b><\/p><p><span style=\"font-weight: 400;\">Los precios de venta dependen del m\u00e9todo de compra y del importe total de la venta. Los costes se cargan autom\u00e1ticamente en la cuenta y se aplican cuando realizas la compra. <\/span><\/p><p> <\/p><p><b>3. Levertijden<\/b><\/p><ul><li style=\"font-weight: 400;\" aria-level=\"1\"><p><b>Binnen Nederland<\/b><span style=\"font-weight: 400;\">: Las ventas se realizan en un plazo de 2 a 5 semanas.<\/span><\/p><\/li><li style=\"font-weight: 400;\" aria-level=\"1\"><p><b>Comercio internacional<\/b><span style=\"font-weight: 400;\">: Los contratos de venta internacional var\u00edan y pueden durar entre 5 y 14 semanas, dependiendo del pa\u00eds de destino.<\/span><\/p><\/li><\/ul><p><span style=\"font-weight: 400;\">Ten en cuenta que las palancas pueden variar debido a las condiciones de nuestro control, como las condiciones de trabajo o las condiciones de trabajo del usuario.<\/span><\/p><p> <\/p><p><b>4. Volgen van je Bestelling<\/b><\/p><p><span style=\"font-weight: 400;\">Al finalizar la compra, recibir\u00e1s un correo electr\u00f3nico de confirmaci\u00f3n con un n\u00famero de seguimiento, para que puedas comprobar el estado de tu compra.<\/span><\/p><p> <\/p><p><b>5. Haciendo palanca<\/b><\/p><p><span style=\"font-weight: 400;\">Nuestras empresas colaboradoras se encargan de suministrar los paquetes. Por favor, aseg\u00farate de que tienes una cuenta abierta con alguien para recibir el paquete. <\/span><\/p><p> <\/p><p><b>6. Problemas con el apalancamiento<\/b><\/p><p><span style=\"font-weight: 400;\">Si tienes alg\u00fan problema con el proceso de compra, como una p\u00e9rdida o un paquete vac\u00edo, ponte en contacto con nuestro servicio de atenci\u00f3n al cliente a trav\u00e9s de [direcci\u00f3n de correo electr\u00f3nico] o [n\u00famero de tel\u00e9fono]. Te ayudaremos en todo lo que necesites. <\/span><\/p><p> <\/p><p><b>7. Devoluciones y anulaciones<\/b><\/p><p><span style=\"font-weight: 400;\">Si quieres devolver o anular tu pedido, consulta nuestra Gu\u00eda de Devoluci\u00f3n y Devoluci\u00f3n para obtener m\u00e1s informaci\u00f3n sobre el procedimiento y las condiciones.<\/span><\/p><p> <\/p><p><b>8. Klantenservice<\/b><\/p><p><span style=\"font-weight: 400;\">Para cualquier consulta sobre ventas, alquileres u otros temas relacionados, ponte en contacto con nuestro servicio de atenci\u00f3n al cliente a trav\u00e9s de refund@bandidastore.com.<\/span><\/p>\t\t\t\t\t\t\t\t<\/div>\n\t\t\t\t<\/div>\n\t\t\t\t<\/div>\n\t\t\t\t<\/div>\n\t\t","protected":false},"excerpt":{"rendered":"<p>1. M\u00e9todos de verificaci\u00f3n Disponemos de varios m\u00e9todos de verificaci\u00f3n, en funci\u00f3n del tama\u00f1o y la potencia del cilindro. Las opciones disponibles se indican durante el proceso de verificaci\u00f3n. 2. Verzendkosten Los precios de venta dependen del m\u00e9todo de compra y del importe total de la venta. Los costes se cargan autom\u00e1ticamente en la cuenta [&hellip;]<\/p>\n","protected":false},"author":1,"featured_media":0,"parent":0,"menu_order":0,"comment_status":"closed","ping_status":"closed","template":"","meta":{"_acf_changed":false,"footnotes":""},"class_list":["post-2574","page","type-page","status-publish","hentry"],"acf":[],"_links":{"self":[{"href":"https:\/\/bandidastore.com\/es\/wp-json\/wp\/v2\/pages\/2574","targetHints":{"allow":["GET"]}}],"collection":[{"href":"https:\/\/bandidastore.com\/es\/wp-json\/wp\/v2\/pages"}],"about":[{"href":"https:\/\/bandidastore.com\/es\/wp-json\/wp\/v2\/types\/page"}],"author":[{"embeddable":true,"href":"https:\/\/bandidastore.com\/es\/wp-json\/wp\/v2\/users\/1"}],"replies":[{"embeddable":true,"href":"https:\/\/bandidastore.com\/es\/wp-json\/wp\/v2\/comments?post=2574"}],"version-history":[{"count":1,"href":"https:\/\/bandidastore.com\/es\/wp-json\/wp\/v2\/pages\/2574\/revisions"}],"predecessor-version":[{"id":2575,"href":"https:\/\/bandidastore.com\/es\/wp-json\/wp\/v2\/pages\/2574\/revisions\/2575"}],"wp:attachment":[{"href":"https:\/\/bandidastore.com\/es\/wp-json\/wp\/v2\/media?parent=2574"}],"curies":[{"name":"wp","href":"https:\/\/api.w.org\/{rel}","templated":true}]}}