{"id":2567,"date":"2024-06-05T08:52:11","date_gmt":"2024-06-05T08:52:11","guid":{"rendered":"https:\/\/www.bandidastore.com\/devolucion-y-reembolso\/"},"modified":"2025-09-03T14:14:48","modified_gmt":"2025-09-03T14:14:48","slug":"devolucion-y-reembolso","status":"publish","type":"page","link":"https:\/\/bandidastore.com\/es\/devolucion-y-reembolso\/","title":{"rendered":"Devoluci\u00f3n y reembolso"},"content":{"rendered":"\t\t<div data-elementor-type=\"wp-page\" data-elementor-id=\"2567\" class=\"elementor elementor-2567 elementor-41\" data-elementor-post-type=\"page\">\n\t\t\t\t<div class=\"elementor-element elementor-element-5a396db e-con-full e-flex e-con e-parent\" data-id=\"5a396db\" data-element_type=\"container\" data-e-type=\"container\" data-settings=\"{&quot;background_background&quot;:&quot;classic&quot;}\">\n\t\t\t\t<\/div>\n\t\t<div class=\"elementor-element elementor-element-478dcf4 e-con-full e-flex e-con e-parent\" data-id=\"478dcf4\" data-element_type=\"container\" data-e-type=\"container\" data-settings=\"{&quot;background_background&quot;:&quot;classic&quot;}\">\n\t\t\t\t<div class=\"elementor-element elementor-element-9580718 elementor-widget elementor-widget-text-editor\" data-id=\"9580718\" data-element_type=\"widget\" data-e-type=\"widget\" data-widget_type=\"text-editor.default\">\n\t\t\t\t<div class=\"elementor-widget-container\">\n\t\t\t\t\t\t\t\t\t<ol><li><strong>Devoluci\u00f3n de Productos<br><\/strong>Queremos que te arrepientas de tu compra. Si no est\u00e1s satisfecho, podr\u00e1s devolver tu pedido en un plazo de 14 d\u00edas a partir de la fecha de compra. <br><br><strong>Directrices para el Retorno<\/strong><\/li><\/ol><ul><li>Los art\u00edculos deben estar en su estado original, con etiquetas y envoltorios.<\/li><li>Para una limpieza higi\u00e9nica, algunos productos, como la leche y los alimentos en mal estado, deben ser tratados siempre que la limpieza no est\u00e9 da\u00f1ada.<\/li><li>Las devoluciones deben estar sujetas a un n\u00famero de cuenta o de pedido.<br><br><strong>Procedimiento para devoluciones<\/strong><\/li><li>Env\u00eda tu devoluci\u00f3n por correo electr\u00f3nico a refund@bandidastore.com con tu n\u00famero de pedido y los art\u00edculos que deseas devolver.<\/li><li>Vul het retourformulier in (indien van toepassing) en voeg dit bij het pakket.<\/li><li>Vuelve a enviar el paquete:  <\/li><\/ul><p>   <\/p><ol start=\"2\"><li><strong>Terugbetaling<\/strong><strong><br><\/strong>Cuando hayamos enviado y gestionado tu devoluci\u00f3n, recibir\u00e1s un correo electr\u00f3nico de confirmaci\u00f3n. Nos pondremos en contacto contigo antes de que pasen 14 d\u00edas desde la fecha de devoluci\u00f3n. <br><br><strong>Terugbetalingsdetails<\/strong><\/li><\/ol><ul><li>Las pruebas se realizan mediante un \u00fanico m\u00e9todo beta que se utiliza en la aplicaci\u00f3n.<\/li><li>No se han tenido en cuenta los cambios eventuales en la venta al por mayor, a menos que se trate de un apalancamiento insuficiente o inadecuado.<\/li><\/ul><p> <\/p><ul><li>Costes de devoluci\u00f3n<br>Los costes de devoluci\u00f3n se aplican a la devoluci\u00f3n del material, siempre que el producto est\u00e9 defectuoso o da\u00f1ado. Te pedimos que nos informes sobre el defecto antes de devolver el producto. <\/li><\/ul><p> <\/p><ul><li>Condiciones de devoluci\u00f3n<br>Algunos productos no se pueden devolver, por ejemplo:<ul><li>Artikelen in de uitverkoop of speciaal aangepaste items.<\/li><li>Los datos geogr\u00e1ficos sobre el consumo y el consumo nocivo en las redes de higiene.<\/li><\/ul><\/li><\/ul><p> <\/p><ul><li>Klantenservice<br>Si tienes alguna duda o pregunta sobre nuestro servicio de atenci\u00f3n al cliente, ponte en contacto con nuestro servicio de atenci\u00f3n al cliente a trav\u00e9s de refund@bandidastore.com.<\/li><\/ul>\t\t\t\t\t\t\t\t<\/div>\n\t\t\t\t<\/div>\n\t\t\t\t<\/div>\n\t\t\t\t<\/div>\n\t\t","protected":false},"excerpt":{"rendered":"<p>Devoluci\u00f3n de ProductosQueremos que te arrepientas de tu compra. Si no est\u00e1s satisfecho, podr\u00e1s devolver tu pedido en un plazo de 14 d\u00edas a partir de la fecha de compra. Directrices para el Retorno Los art\u00edculos deben estar en su estado original, con etiquetas y envoltorios. Para una limpieza higi\u00e9nica, algunos productos, como la leche [&hellip;]<\/p>\n","protected":false},"author":1,"featured_media":0,"parent":0,"menu_order":0,"comment_status":"closed","ping_status":"closed","template":"","meta":{"_acf_changed":false,"footnotes":""},"class_list":["post-2567","page","type-page","status-publish","hentry"],"acf":[],"_links":{"self":[{"href":"https:\/\/bandidastore.com\/es\/wp-json\/wp\/v2\/pages\/2567","targetHints":{"allow":["GET"]}}],"collection":[{"href":"https:\/\/bandidastore.com\/es\/wp-json\/wp\/v2\/pages"}],"about":[{"href":"https:\/\/bandidastore.com\/es\/wp-json\/wp\/v2\/types\/page"}],"author":[{"embeddable":true,"href":"https:\/\/bandidastore.com\/es\/wp-json\/wp\/v2\/users\/1"}],"replies":[{"embeddable":true,"href":"https:\/\/bandidastore.com\/es\/wp-json\/wp\/v2\/comments?post=2567"}],"version-history":[{"count":1,"href":"https:\/\/bandidastore.com\/es\/wp-json\/wp\/v2\/pages\/2567\/revisions"}],"predecessor-version":[{"id":2568,"href":"https:\/\/bandidastore.com\/es\/wp-json\/wp\/v2\/pages\/2567\/revisions\/2568"}],"wp:attachment":[{"href":"https:\/\/bandidastore.com\/es\/wp-json\/wp\/v2\/media?parent=2567"}],"curies":[{"name":"wp","href":"https:\/\/api.w.org\/{rel}","templated":true}]}}